{"id":28950,"date":"2021-02-15T09:01:32","date_gmt":"2021-02-15T08:01:32","guid":{"rendered":"https:\/\/www.parkvalet.ch\/?page_id=28950"},"modified":"2021-03-05T12:25:29","modified_gmt":"2021-03-05T11:25:29","slug":"terms-and-conditions","status":"publish","type":"page","link":"https:\/\/www.parkvalet.ch\/en\/terms-and-conditions\/","title":{"rendered":"Terms and conditions"},"content":{"rendered":"<p><strong>Merci de lire attentivement les conditions g\u00e9n\u00e9rales de parkvalet.ch<\/strong><\/p>\n<h2>1.- Objet.<\/h2>\n<p>La soci\u00e9t\u00e9 <strong>parkvalet.ch <\/strong> assure la garde de v\u00e9hicules qui lui sont confi\u00e9s par sa client\u00e8le. A cette fin, elle passe avec ses clients un contrat dont les \u00e9l\u00e9ments sont les conditions g\u00e9n\u00e9rales ainsi que les avenants \u00e9ventuels.<\/p>\n<h2>2.- Champ d\u2019application<\/h2>\n<ol>\n<li><strong>ch <\/strong>   met \u00e0 disposition du client une place de parc sur son exploitation pendant la dur\u00e9e de location convenue, \u00e0 des fins de parking uniquement et contre redevance. La revendication d\u2019une place de parc pr\u00e9cise ne peut \u00eatre exig\u00e9e. Le client certifie qu\u2019il est le propri\u00e9taire du v\u00e9hicule ou qu\u2019il est autoris\u00e9 par le propri\u00e9taire \u00e0 utiliser le v\u00e9hicule et que ce dernier ne perd pas de liquides.<\/li>\n<li>Les heures d\u2019ouverture sont \u00e9tablies par <strong>ch<\/strong>, affich\u00e9es de mani\u00e8re lisible ou communiqu\u00e9es par d\u2019autres moyens ad\u00e9quats. Apr\u00e8s annonce pr\u00e9alable, les heures d\u2019ouverture peuvent \u00eatre chang\u00e9es unilat\u00e9ralement par <strong>parkvalet.ch<\/strong>. Aucune revendication contre <strong>parkvalet.ch <\/strong>ne pourra \u00eatre faite par le client s\u2019il ne d\u00e9livre \/ r\u00e9cup\u00e8re pas son v\u00e9hicule selon les conditions contractuelles \u00e9tablies ou ne prend pas en consid\u00e9ration les heures d\u2019ouverture.<\/li>\n<li>Responsabilit\u00e9 du client. Le client s&#8217;engage \u00e0 \u00eatre \u00e0 l&#8217;heure aux RDV convenus lors de la r\u00e9servation. Dans le cas d&#8217;un retard de votre part, veuillez nous en informer le plus rapidement possible sur le t\u00e9l\u00e9phone mobile.<br \/>\nLe client d\u00e9clare jouir totalement de l&#8217;usage du v\u00e9hicule confi\u00e9 \u00e0 <strong>ch <\/strong>soit comme d\u00e9tenteur soit comme tiers autoris\u00e9 par le d\u00e9tenteur. Il remet au collaborateur de <strong>parkvalet.ch <\/strong>le permis de circulation ou carte grise et le carnet anti-pollution (uniquement pour les v\u00e9hicules suisses) pour pouvoir d\u00e9placer le v\u00e9hicule si besoin en est. Il d\u00e9clare en outre que le v\u00e9hicule confi\u00e9 r\u00e9pond aux obligations l\u00e9gales d&#8217;assurance et que le contrat d&#8217;assurance souscrit permet \u00e0 un tiers de conduire le v\u00e9hicule confi\u00e9 \u00e0 <strong>parkvalet.ch<\/strong>.<br \/>\nEn cas d\u2019erreur de date de retour lors de la r\u00e9servation, une p\u00e9nalit\u00e9 de CHF 30 vous sera ajout\u00e9e contre le d\u00e9placement et l\u2019attente du voiturier.<br \/>\nLors de la prise en charge de votre v\u00e9hicule, vous \u00eates tenus responsable de pr\u00e9ciser \u00e0 votre voiturier et sur la partie &#8220;Remarques&#8221; de votre contrat l&#8217;\u00e9tat de votre voiture soit d&#8217;\u00e9ventuels d\u00e9g\u00e2ts, rayures, anomalies, objets de valeur ou si votre v\u00e9hicule est en \u00e9tat neuf. Les plaintes \u00e0 ce sujet, ne seront pas prises en compte si la partie &#8220;Remarques&#8221; de votre contrat n&#8217;a pas \u00e9t\u00e9 remplie lors de votre d\u00e9part et lorsque le v\u00e9hicule aura quitt\u00e9 le point de r\u00e9cup\u00e9ration.<br \/>\nVeuillez conserver le contrat de votre v\u00e9hicule dans un endroit s\u00fbr, et pr\u00eat \u00e0 le pr\u00e9senter lors de la restitution du v\u00e9hicule. En cas de perte du contrat <strong>parkvalet.ch <\/strong>ne peut \u00eatre tenu pour responsable si celui-ci est pr\u00e9sent\u00e9 par une tierce personne qui l&#8217;utiliserait de mani\u00e8re frauduleuse pour r\u00e9cup\u00e9rer le v\u00e9hicule.<\/li>\n<li>Annulations et changements des r\u00e9servations. Par cons\u00e9quent, en principe, la r\u00e8gle suivante s&#8217;applique:<br \/>\nSi le client revient avant la date convenue il n`aura pas de droit d`avoir aucun remboursement. Cela s\u2019applique certainement en cas de facture pay\u00e9 et aussi non pay\u00e9!<\/p>\n<ol>\n<li>Une annulation du service r\u00e9serv\u00e9 est en principe possible avant la p\u00e9riode de stationnement convenu. L&#8217;annulation doit \u00eatre faite par courrier \u00e9l\u00e9ctronique \u00e0 la soci\u00e9t\u00e9 <strong>ch<\/strong>. Date d\u00e9finitive pour l`annulation est la r\u00e9ception de la d\u00e9claration par <strong>parkvalet.ch<\/strong>.<\/li>\n<li>L&#8217;annulation est gratuite si elle est faite au moins 48 heures avant la p\u00e9riode de stationnement convenu. En cas d&#8217;annulation tardive ou apparence manqu\u00e9 vous sera mis en charge 100% du montant forfaitaire convenu.<\/li>\n<li>Les r\u00e9servations qui sont faites par le site <strong>ch<\/strong> ou par t\u00e9l\u00e9phone vont \u00eatre confirm\u00e9es au client par la confirmation de r\u00e9servation et sont valid\u00e9 juridiquement valable! La place de parking sera conserv\u00e9e exclusivement pour la dur\u00e9e des jours de r\u00e9servation pour les clients destin\u00e9s!<\/li>\n<\/ol>\n<\/li>\n<li>\u200b\u200bConfidentialit\u00e9\n<ol>\n<li><strong>ch <\/strong>assure que les coordonn\u00e9es personnelles de r\u00e9servation donn\u00e9e sont utilis\u00e9es exclusivement pour la prestation convenue. La diffusion \u00e0 des tiers (fournisseurs de services) a lieu uniquement sur les aspects de la prestation de services. Les donn\u00e9es ne seront pas utilis\u00e9es \u00e0 des fins commerciales.<\/li>\n<li>Le client s&#8217;engage \u00e0 indiquer son adresse e-mail et num\u00e9ro de t\u00e9l\u00e9phone portable pour \u00eatre servi avec les informations n\u00e9cessaires \u00e0 la r\u00e9alisation des informations de service par m\u00e9thode \u00e9lectronique. Ceux-ci comprennent, la transmission de la confirmation de r\u00e9servation par e-mail. Ces services sont gratuits pour le client.<\/li>\n<\/ol>\n<\/li>\n<li>Lois applicables et Litiges.<\/li>\n<\/ol>\n<p>Le pr\u00e9sent contrat est soumis au droit Suisse.<br \/>\n\u200b                  Dans tous les cas, les conditions g\u00e9n\u00e9rales r\u00e9dig\u00e9es en fran\u00e7ais feront fois devant les tribunaux de Gen\u00e8ve.<\/p>\n<p>Etablit \u00e0 Gen\u00e8ve le 1er janvier 2021.<\/p>\n","protected":false},"excerpt":{"rendered":"<p>Merci de lire attentivement les conditions g\u00e9n\u00e9rales de parkvalet.ch 1.- Objet. La soci\u00e9t\u00e9 parkvalet.ch assure la garde de v\u00e9hicules qui lui sont confi\u00e9s par sa client\u00e8le. A cette fin, elle passe avec ses clients un contrat dont les \u00e9l\u00e9ments sont les conditions g\u00e9n\u00e9rales ainsi que les avenants \u00e9ventuels. 2.- Champ d\u2019application ch met \u00e0 disposition [&hellip;]<\/p>\n","protected":false},"author":1,"featured_media":0,"parent":0,"menu_order":0,"comment_status":"closed","ping_status":"closed","template":"","meta":{"_acf_changed":false,"footnotes":""},"class_list":["post-28950","page","type-page","status-publish","hentry"],"acf":[],"_links":{"self":[{"href":"https:\/\/www.parkvalet.ch\/en\/wp-json\/wp\/v2\/pages\/28950","targetHints":{"allow":["GET"]}}],"collection":[{"href":"https:\/\/www.parkvalet.ch\/en\/wp-json\/wp\/v2\/pages"}],"about":[{"href":"https:\/\/www.parkvalet.ch\/en\/wp-json\/wp\/v2\/types\/page"}],"author":[{"embeddable":true,"href":"https:\/\/www.parkvalet.ch\/en\/wp-json\/wp\/v2\/users\/1"}],"replies":[{"embeddable":true,"href":"https:\/\/www.parkvalet.ch\/en\/wp-json\/wp\/v2\/comments?post=28950"}],"version-history":[{"count":3,"href":"https:\/\/www.parkvalet.ch\/en\/wp-json\/wp\/v2\/pages\/28950\/revisions"}],"predecessor-version":[{"id":29047,"href":"https:\/\/www.parkvalet.ch\/en\/wp-json\/wp\/v2\/pages\/28950\/revisions\/29047"}],"wp:attachment":[{"href":"https:\/\/www.parkvalet.ch\/en\/wp-json\/wp\/v2\/media?parent=28950"}],"curies":[{"name":"wp","href":"https:\/\/api.w.org\/{rel}","templated":true}]}}